{"id":199,"date":"2018-02-28T07:02:35","date_gmt":"2018-02-28T07:02:35","guid":{"rendered":"http:\/\/offshorethemes.com\/demo\/sparkconstruction\/?page_id=199"},"modified":"2024-06-17T21:16:10","modified_gmt":"2024-06-17T21:16:10","slug":"about","status":"publish","type":"page","link":"https:\/\/www.cmbautechnik.ch\/?page_id=199","title":{"rendered":"SOBRE N\u00d3S"},"content":{"rendered":"\t\t<div data-elementor-type=\"wp-page\" data-elementor-id=\"199\" class=\"elementor elementor-199\">\n\t\t\t\t\t\t<section class=\"elementor-section elementor-top-section elementor-element elementor-element-fd9f6dd elementor-section-boxed elementor-section-height-default elementor-section-height-default\" data-id=\"fd9f6dd\" data-element_type=\"section\" data-settings=\"{&quot;background_background&quot;:&quot;classic&quot;,&quot;shape_divider_bottom&quot;:&quot;clouds&quot;}\">\n\t\t\t\t\t<div class=\"elementor-shape elementor-shape-bottom\" data-negative=\"false\">\n\t\t\t<svg xmlns=\"http:\/\/www.w3.org\/2000\/svg\" viewBox=\"0 0 283.5 27.8\" preserveAspectRatio=\"xMidYMax slice\">\n  <path class=\"elementor-shape-fill\" d=\"M0 0v6.7c1.9-.8 4.7-1.4 8.5-1 9.5 1.1 11.1 6 11.1 6s2.1-.7 4.3-.2c2.1.5 2.8 2.6 2.8 2.6s.2-.5 1.4-.7c1.2-.2 1.7.2 1.7.2s0-2.1 1.9-2.8c1.9-.7 3.6.7 3.6.7s.7-2.9 3.1-4.1 4.7 0 4.7 0 1.2-.5 2.4 0 1.7 1.4 1.7 1.4h1.4c.7 0 1.2.7 1.2.7s.8-1.8 4-2.2c3.5-.4 5.3 2.4 6.2 4.4.4-.4 1-.7 1.8-.9 2.8-.7 4 .7 4 .7s1.7-5 11.1-6c9.5-1.1 12.3 3.9 12.3 3.9s1.2-4.8 5.7-5.7c4.5-.9 6.8 1.8 6.8 1.8s.6-.6 1.5-.9c.9-.2 1.9-.2 1.9-.2s5.2-6.4 12.6-3.3c7.3 3.1 4.7 9 4.7 9s1.9-.9 4 0 2.8 2.4 2.8 2.4 1.9-1.2 4.5-1.2 4.3 1.2 4.3 1.2.2-1 1.4-1.7 2.1-.7 2.1-.7-.5-3.1 2.1-5.5 5.7-1.4 5.7-1.4 1.5-2.3 4.2-1.1c2.7 1.2 1.7 5.2 1.7 5.2s.3-.1 1.3.5c.5.4.8.8.9 1.1.5-1.4 2.4-5.8 8.4-4 7.1 2.1 3.5 8.9 3.5 8.9s.8-.4 2 0 1.1 1.1 1.1 1.1 1.1-1.1 2.3-1.1 2.1.5 2.1.5 1.9-3.6 6.2-1.2 1.9 6.4 1.9 6.4 2.6-2.4 7.4 0c3.4 1.7 3.9 4.9 3.9 4.9s3.3-6.9 10.4-7.9 11.5 2.6 11.5 2.6.8 0 1.2.2c.4.2.9.9.9.9s4.4-3.1 8.3.2c1.9 1.7 1.5 5 1.5 5s.3-1.1 1.6-1.4c1.3-.3 2.3.2 2.3.2s-.1-1.2.5-1.9 1.9-.9 1.9-.9-4.7-9.3 4.4-13.4c5.6-2.5 9.2.9 9.2.9s5-6.2 15.9-6.2 16.1 8.1 16.1 8.1.7-.2 1.6-.4V0H0z\"\/>\n<\/svg>\n\t\t<\/div>\n\t\t\t\t\t<div class=\"elementor-container elementor-column-gap-default\">\n\t\t\t\t\t<div class=\"elementor-column elementor-col-100 elementor-top-column elementor-element elementor-element-d8dc2d5\" data-id=\"d8dc2d5\" data-element_type=\"column\">\n\t\t\t<div class=\"elementor-widget-wrap elementor-element-populated\">\n\t\t\t\t\t\t<section class=\"elementor-section elementor-inner-section elementor-element elementor-element-da0648d elementor-section-boxed elementor-section-height-default elementor-section-height-default\" data-id=\"da0648d\" data-element_type=\"section\">\n\t\t\t\t\t\t<div class=\"elementor-container elementor-column-gap-default\">\n\t\t\t\t\t<div class=\"elementor-column elementor-col-33 elementor-inner-column elementor-element elementor-element-f2416c9\" data-id=\"f2416c9\" data-element_type=\"column\">\n\t\t\t<div class=\"elementor-widget-wrap\">\n\t\t\t\t\t\t\t<\/div>\n\t\t<\/div>\n\t\t\t\t<div class=\"elementor-column elementor-col-33 elementor-inner-column elementor-element elementor-element-d95f447\" data-id=\"d95f447\" data-element_type=\"column\">\n\t\t\t<div class=\"elementor-widget-wrap elementor-element-populated\">\n\t\t\t\t\t\t<div class=\"elementor-element elementor-element-0947923 elementor-widget elementor-widget-text-editor\" data-id=\"0947923\" data-element_type=\"widget\" data-widget_type=\"text-editor.default\">\n\t\t\t\t<div class=\"elementor-widget-container\">\n\t\t\t<style>\/*! elementor - v3.22.0 - 26-06-2024 *\/\n.elementor-widget-text-editor.elementor-drop-cap-view-stacked .elementor-drop-cap{background-color:#69727d;color:#fff}.elementor-widget-text-editor.elementor-drop-cap-view-framed .elementor-drop-cap{color:#69727d;border:3px solid;background-color:transparent}.elementor-widget-text-editor:not(.elementor-drop-cap-view-default) .elementor-drop-cap{margin-top:8px}.elementor-widget-text-editor:not(.elementor-drop-cap-view-default) .elementor-drop-cap-letter{width:1em;height:1em}.elementor-widget-text-editor .elementor-drop-cap{float:left;text-align:center;line-height:1;font-size:50px}.elementor-widget-text-editor .elementor-drop-cap-letter{display:inline-block}<\/style>\t\t\t\t<p><span style=\"font-family: arial, helvetica, sans-serif; font-size: 18px;\"><strong>NOSSOS VALORES<\/strong><\/span><\/p><ul><li>\u00c9tica de Trabalho<\/li><li>Performance<\/li><li>Compet\u00eancia<\/li><li>Comprometimento<\/li><li>Honestidade<\/li><li>Qualidade<\/li><li>\u00c9tica Profissional<\/li><li>Performance<\/li><li>Compet\u00eancia<\/li><li>Compromisso<\/li><li>Honestidade<\/li><\/ul>\t\t\t\t\t\t<\/div>\n\t\t\t\t<\/div>\n\t\t\t\t\t<\/div>\n\t\t<\/div>\n\t\t\t\t<div class=\"elementor-column elementor-col-33 elementor-inner-column elementor-element elementor-element-f867442\" data-id=\"f867442\" data-element_type=\"column\">\n\t\t\t<div class=\"elementor-widget-wrap elementor-element-populated\">\n\t\t\t\t\t\t<div class=\"elementor-element elementor-element-cbe2d35 elementor-widget elementor-widget-text-editor\" data-id=\"cbe2d35\" data-element_type=\"widget\" data-widget_type=\"text-editor.default\">\n\t\t\t\t<div class=\"elementor-widget-container\">\n\t\t\t\t\t\t\t<p class=\"MsoNormal\"><span style=\"font-size: 15.0pt; line-height: 107%; font-family: Roboto; color: #222222; background: #F1F1F1;\"><strong>O que \u00e9 a empresa CM Bautechnik und Transport?<\/strong><\/span><\/p><p class=\"MsoNormal\"><span style=\"font-size: 11.5pt; line-height: 107%; font-family: Roboto; color: #54595f; letter-spacing: .75pt; background: #F1F1F1;\">A empresa\u00a0 foi fundada em 2021 e estamos localizados em Thusis, no cant\u00e3o de Graub\u00fcnden na Sui\u00e7a. A nossa miss\u00e3o \u00e9 fazer o transporte de mercadorias, assim como arranjos de jardins, trabalhos em casas, pequenas renova\u00e7\u00f5es e tamb\u00e9m vendemos e montamos churrasqueiras.<\/span><\/p><p class=\"MsoNormal\"><span style=\"font-size: 11.5pt; line-height: 107%; font-family: Roboto; color: #54595f; letter-spacing: .75pt; background: #F1F1F1;\">\u00a0<\/span><\/p><p class=\"MsoNormal\"><span style=\"font-size: 15.0pt; line-height: 107%; font-family: Roboto; color: #222222; background: #F1F1F1;\"><strong>Para quem \u00e9 a empresa<\/strong> <strong>CM Bautechnik und Transport<\/strong>?<\/span><\/p><p>\u00a0<\/p><p class=\"MsoNormal\"><span style=\"font-size: 11.5pt; line-height: 107%; font-family: Roboto; color: #54595f; letter-spacing: .75pt; background: #F1F1F1;\">A nossa empresa \u00e9 direcionada a toda a gente que precisa de algum ou alguns dos nossos servi\u00e7os j\u00e1 mencionados. Na nossa p\u00e1gina\u00a0<\/span><strong><i><span style=\"font-size: 11.5pt; line-height: 107%; font-family: 'inherit',serif; mso-bidi-font-family: 'Times New Roman'; mso-bidi-theme-font: minor-bidi; color: #54595f; letter-spacing: .75pt; border: none windowtext 1.0pt; mso-border-alt: none windowtext 0cm; padding: 0cm; background: #F1F1F1;\">\u201cNossos Servi\u00e7os\u201d<\/span><\/i><\/strong><span style=\"font-size: 11.5pt; line-height: 107%; font-family: Roboto; color: #54595f; letter-spacing: .75pt; background: #F1F1F1;\">, poder\u00e1 ter uma no\u00e7\u00e3o mais aprofundada de todos os trabalhos que realizamos e se tiver interesse poder\u00e1 entrar em contacto conosco.<\/span><\/p>\t\t\t\t\t\t<\/div>\n\t\t\t\t<\/div>\n\t\t\t\t\t<\/div>\n\t\t<\/div>\n\t\t\t\t\t<\/div>\n\t\t<\/section>\n\t\t\t\t\t<\/div>\n\t\t<\/div>\n\t\t\t\t\t<\/div>\n\t\t<\/section>\n\t\t\t\t<\/div>\n\t\t","protected":false},"excerpt":{"rendered":"<p>NOSSOS VALORES \u00c9tica de Trabalho Performance Compet\u00eancia Comprometimento Honestidade Qualidade \u00c9tica Profissional Performance Compet\u00eancia Compromisso Honestidade O que \u00e9 a empresa CM Bautechnik und Transport? A empresa\u00a0 foi fundada em 2021 e estamos localizados em Thusis, no cant\u00e3o de Graub\u00fcnden na Sui\u00e7a. A nossa miss\u00e3o \u00e9 fazer o transporte de&hellip;<\/p>\n","protected":false},"author":1,"featured_media":0,"parent":0,"menu_order":0,"comment_status":"closed","ping_status":"closed","template":"template-pagebuilder.php","meta":{"_siteseo_robots_primary_cat":"","om_disable_all_campaigns":false,"_monsterinsights_skip_tracking":false,"_monsterinsights_sitenote_active":false,"_monsterinsights_sitenote_note":"","_monsterinsights_sitenote_category":0,"footnotes":""},"class_list":["post-199","page","type-page","status-publish","hentry"],"aioseo_notices":[],"_links":{"self":[{"href":"https:\/\/www.cmbautechnik.ch\/index.php?rest_route=\/wp\/v2\/pages\/199","targetHints":{"allow":["GET"]}}],"collection":[{"href":"https:\/\/www.cmbautechnik.ch\/index.php?rest_route=\/wp\/v2\/pages"}],"about":[{"href":"https:\/\/www.cmbautechnik.ch\/index.php?rest_route=\/wp\/v2\/types\/page"}],"author":[{"embeddable":true,"href":"https:\/\/www.cmbautechnik.ch\/index.php?rest_route=\/wp\/v2\/users\/1"}],"replies":[{"embeddable":true,"href":"https:\/\/www.cmbautechnik.ch\/index.php?rest_route=%2Fwp%2Fv2%2Fcomments&post=199"}],"version-history":[{"count":4,"href":"https:\/\/www.cmbautechnik.ch\/index.php?rest_route=\/wp\/v2\/pages\/199\/revisions"}],"predecessor-version":[{"id":1141,"href":"https:\/\/www.cmbautechnik.ch\/index.php?rest_route=\/wp\/v2\/pages\/199\/revisions\/1141"}],"wp:attachment":[{"href":"https:\/\/www.cmbautechnik.ch\/index.php?rest_route=%2Fwp%2Fv2%2Fmedia&parent=199"}],"curies":[{"name":"wp","href":"https:\/\/api.w.org\/{rel}","templated":true}]}}