{"id":1143,"date":"2024-06-17T21:21:43","date_gmt":"2024-06-17T21:21:43","guid":{"rendered":"http:\/\/www.cmbautechnik.ch\/?page_id=1143"},"modified":"2024-07-08T13:59:45","modified_gmt":"2024-07-08T13:59:45","slug":"nossos-servicos","status":"publish","type":"page","link":"http:\/\/www.cmbautechnik.ch\/?page_id=1143","title":{"rendered":"NOSSOS SERVI\u00c7OS"},"content":{"rendered":"\n<p><\/p>\n\n\n\n<p><\/p>\n\n\n\n<p><\/p>\n\n\n\n<h2 class=\"wp-block-heading has-text-align-center\">TRANSPORTE<\/h2>\n\n\n\n<p>A nossa empresa tem como fun\u00e7\u00e3o principal fazer o transporte de bens e mercadorias dentro da Su\u00ed\u00e7a, mas tamb\u00e9m realizamos transportes para a Uni\u00e3o Europeia (UE). Comprometemo-nos a realizar o transporte das suas mercadorias de forma competente e profissional.<\/p>\n\n\n\n<p><\/p>\n\n\n\n<h2 class=\"wp-block-heading has-text-align-center\">JARDINAGEM<\/h2>\n\n\n\n<p>A nossa empresa tamb\u00e9m \u00e9 respons\u00e1vel por fazer arranjos de jardins em casas particulares.<\/p>\n\n\n\n<p><\/p>\n\n\n\n<h2 class=\"wp-block-heading has-text-align-center\">SERVI\u00c7OS EM CASAS<\/h2>\n\n\n\n<p>Outra das nossas fun\u00e7\u00f5es \u00e9 a realiza\u00e7\u00e3o de servi\u00e7os ao domic\u00edlio.<\/p>\n\n\n\n<p><\/p>\n\n\n\n<h2 class=\"wp-block-heading has-text-align-center\">VENDA E MONTAGEM DE CHURRASQUEIRAS<\/h2>\n\n\n\n<p>A CM Bautechnik und Transporttamb\u00e9m \u00e9 respons\u00e1vel pela venda de churrasqueiras, bem como a montagem das mesmas.<\/p>\n\n\n\n<p><\/p>\n\n\n\n<h2 class=\"wp-block-heading has-text-align-center\">PEQUENAS RENOVA\u00c7\u00d5ES<\/h2>\n\n\n\n<p>Por \u00faltimo, n\u00f3s tamb\u00e9m fazemos pequenas renova\u00e7\u00f5es em casas privadas. Contacte-nos e exponha o tipo de servi\u00e7o que deseja para a sua casa.<\/p>\n","protected":false},"excerpt":{"rendered":"<p>TRANSPORTE A nossa empresa tem como fun\u00e7\u00e3o principal fazer o transporte de bens e mercadorias dentro da Su\u00ed\u00e7a, mas tamb\u00e9m realizamos transportes para a Uni\u00e3o Europeia (UE). Comprometemo-nos a realizar o transporte das suas mercadorias de forma competente e profissional. JARDINAGEM A nossa empresa tamb\u00e9m \u00e9 respons\u00e1vel por fazer arranjos&hellip;<\/p>\n","protected":false},"author":1,"featured_media":0,"parent":0,"menu_order":0,"comment_status":"closed","ping_status":"closed","template":"","meta":{"_siteseo_robots_primary_cat":"","om_disable_all_campaigns":false,"_monsterinsights_skip_tracking":false,"_monsterinsights_sitenote_active":false,"_monsterinsights_sitenote_note":"","_monsterinsights_sitenote_category":0,"footnotes":""},"class_list":["post-1143","page","type-page","status-publish","hentry"],"aioseo_notices":[],"_links":{"self":[{"href":"http:\/\/www.cmbautechnik.ch\/index.php?rest_route=\/wp\/v2\/pages\/1143","targetHints":{"allow":["GET"]}}],"collection":[{"href":"http:\/\/www.cmbautechnik.ch\/index.php?rest_route=\/wp\/v2\/pages"}],"about":[{"href":"http:\/\/www.cmbautechnik.ch\/index.php?rest_route=\/wp\/v2\/types\/page"}],"author":[{"embeddable":true,"href":"http:\/\/www.cmbautechnik.ch\/index.php?rest_route=\/wp\/v2\/users\/1"}],"replies":[{"embeddable":true,"href":"http:\/\/www.cmbautechnik.ch\/index.php?rest_route=%2Fwp%2Fv2%2Fcomments&post=1143"}],"version-history":[{"count":4,"href":"http:\/\/www.cmbautechnik.ch\/index.php?rest_route=\/wp\/v2\/pages\/1143\/revisions"}],"predecessor-version":[{"id":1214,"href":"http:\/\/www.cmbautechnik.ch\/index.php?rest_route=\/wp\/v2\/pages\/1143\/revisions\/1214"}],"wp:attachment":[{"href":"http:\/\/www.cmbautechnik.ch\/index.php?rest_route=%2Fwp%2Fv2%2Fmedia&parent=1143"}],"curies":[{"name":"wp","href":"https:\/\/api.w.org\/{rel}","templated":true}]}}